{"id":993,"date":"2023-06-27T17:44:22","date_gmt":"2023-06-27T17:44:22","guid":{"rendered":"http:\/\/twobite.ca\/?post_type=product&#038;p=993"},"modified":"2023-11-28T14:45:26","modified_gmt":"2023-11-28T14:45:26","slug":"two-bite-petits-gateaux-au-chocolat-du-printemps","status":"publish","type":"product","link":"https:\/\/twobite.ca\/fr\/product\/two-bite-petits-gateaux-au-chocolat-du-printemps\/","title":{"rendered":"petits g\u00e2teaux au chocolat du printemps"},"content":{"rendered":"<p>Un petit g\u00e2teau au chocolat avec un gla\u00e7age mauve et jaune d\u00e9cor\u00e9 d&rsquo;adorables paillettes sur le th\u00e8me du printemps !<\/p>\r\n<p><span style=\"font-size: 18pt;\"><strong><span style=\"color: #99323d;\">Sans sirop de glucose \u00e0 haute teneur en fructose<\/span><\/strong><\/span><\/p>","protected":false},"author":1,"menu_order":9,"template":"","product-category":[46],"class_list":["post-993","product","type-product","status-publish","hentry","product-category-petits-gateaux"],"acf":[],"_links":{"self":[{"href":"https:\/\/twobite.ca\/fr\/wp-json\/wp\/v2\/product\/993","targetHints":{"allow":["GET"]}}],"collection":[{"href":"https:\/\/twobite.ca\/fr\/wp-json\/wp\/v2\/product"}],"about":[{"href":"https:\/\/twobite.ca\/fr\/wp-json\/wp\/v2\/types\/product"}],"author":[{"embeddable":true,"href":"https:\/\/twobite.ca\/fr\/wp-json\/wp\/v2\/users\/1"}],"version-history":[{"count":3,"href":"https:\/\/twobite.ca\/fr\/wp-json\/wp\/v2\/product\/993\/revisions"}],"predecessor-version":[{"id":3044,"href":"https:\/\/twobite.ca\/fr\/wp-json\/wp\/v2\/product\/993\/revisions\/3044"}],"wp:attachment":[{"href":"https:\/\/twobite.ca\/fr\/wp-json\/wp\/v2\/media?parent=993"}],"wp:term":[{"taxonomy":"product-category","embeddable":true,"href":"https:\/\/twobite.ca\/fr\/wp-json\/wp\/v2\/product-category?post=993"}],"curies":[{"name":"wp","href":"https:\/\/api.w.org\/{rel}","templated":true}]}}