{"id":994,"date":"2023-06-27T17:46:04","date_gmt":"2023-06-27T17:46:04","guid":{"rendered":"http:\/\/twobite.ca\/?post_type=product&#038;p=994"},"modified":"2023-11-28T14:59:51","modified_gmt":"2023-11-28T14:59:51","slug":"two-bite-petits-gateaux-a-la-vanille-et-au-chocolat-du-printemps","status":"publish","type":"product","link":"https:\/\/twobite.ca\/fr\/product\/two-bite-petits-gateaux-a-la-vanille-et-au-chocolat-du-printemps\/","title":{"rendered":"petits g\u00e2teaux \u00e0 la vanille et au chocolat du printemps"},"content":{"rendered":"<p>Un d\u00e9licieux g\u00e2teau \u00e0 la vanille et au chocolat recouvert d&rsquo;un assortiment de gla\u00e7age rose et jaune et de paillettes de fleurs \u00e9clatantes.<\/p>\r\n<p><span style=\"font-size: 18pt;\"><strong><span style=\"color: #99323d;\">Sans sirop de glucose \u00e0 haute teneur en fructose<\/span><\/strong><\/span><\/p>","protected":false},"author":1,"menu_order":10,"template":"","product-category":[],"class_list":["post-994","product","type-product","status-publish","hentry"],"acf":[],"_links":{"self":[{"href":"https:\/\/twobite.ca\/fr\/wp-json\/wp\/v2\/product\/994","targetHints":{"allow":["GET"]}}],"collection":[{"href":"https:\/\/twobite.ca\/fr\/wp-json\/wp\/v2\/product"}],"about":[{"href":"https:\/\/twobite.ca\/fr\/wp-json\/wp\/v2\/types\/product"}],"author":[{"embeddable":true,"href":"https:\/\/twobite.ca\/fr\/wp-json\/wp\/v2\/users\/1"}],"version-history":[{"count":3,"href":"https:\/\/twobite.ca\/fr\/wp-json\/wp\/v2\/product\/994\/revisions"}],"predecessor-version":[{"id":3043,"href":"https:\/\/twobite.ca\/fr\/wp-json\/wp\/v2\/product\/994\/revisions\/3043"}],"wp:attachment":[{"href":"https:\/\/twobite.ca\/fr\/wp-json\/wp\/v2\/media?parent=994"}],"wp:term":[{"taxonomy":"product-category","embeddable":true,"href":"https:\/\/twobite.ca\/fr\/wp-json\/wp\/v2\/product-category?post=994"}],"curies":[{"name":"wp","href":"https:\/\/api.w.org\/{rel}","templated":true}]}}