{"id":995,"date":"2023-06-27T17:47:25","date_gmt":"2023-06-27T17:47:25","guid":{"rendered":"http:\/\/twobite.ca\/?post_type=product&#038;p=995"},"modified":"2023-11-28T14:59:27","modified_gmt":"2023-11-28T14:59:27","slug":"two-bite-petits-gateaux-a-la-vanille-et-au-chocolat-fete-du-canada","status":"publish","type":"product","link":"https:\/\/twobite.ca\/fr\/product\/two-bite-petits-gateaux-a-la-vanille-et-au-chocolat-fete-du-canada\/","title":{"rendered":"petits g\u00e2teaux \u00e0 la vanille et au chocolat f\u00eate du Canada"},"content":{"rendered":"<p>G\u00e2teaux assortis avec gla\u00e7age bicolore rouge et blanc, garnis de paillettes en feuilles d&rsquo;\u00e9rable!<\/p>\r\n<p><span style=\"font-size: 18pt;\"><strong><span style=\"color: #99323d;\">Sans sirop de glucose \u00e0 haute teneur en fructose<\/span><\/strong><\/span><\/p>","protected":false},"author":1,"menu_order":11,"template":"","product-category":[],"class_list":["post-995","product","type-product","status-publish","hentry"],"acf":[],"_links":{"self":[{"href":"https:\/\/twobite.ca\/fr\/wp-json\/wp\/v2\/product\/995","targetHints":{"allow":["GET"]}}],"collection":[{"href":"https:\/\/twobite.ca\/fr\/wp-json\/wp\/v2\/product"}],"about":[{"href":"https:\/\/twobite.ca\/fr\/wp-json\/wp\/v2\/types\/product"}],"author":[{"embeddable":true,"href":"https:\/\/twobite.ca\/fr\/wp-json\/wp\/v2\/users\/1"}],"version-history":[{"count":3,"href":"https:\/\/twobite.ca\/fr\/wp-json\/wp\/v2\/product\/995\/revisions"}],"predecessor-version":[{"id":3042,"href":"https:\/\/twobite.ca\/fr\/wp-json\/wp\/v2\/product\/995\/revisions\/3042"}],"wp:attachment":[{"href":"https:\/\/twobite.ca\/fr\/wp-json\/wp\/v2\/media?parent=995"}],"wp:term":[{"taxonomy":"product-category","embeddable":true,"href":"https:\/\/twobite.ca\/fr\/wp-json\/wp\/v2\/product-category?post=995"}],"curies":[{"name":"wp","href":"https:\/\/api.w.org\/{rel}","templated":true}]}}