{"id":996,"date":"2023-06-27T17:50:18","date_gmt":"2023-06-27T17:50:18","guid":{"rendered":"http:\/\/twobite.ca\/?post_type=product&#038;p=996"},"modified":"2023-11-28T14:58:53","modified_gmt":"2023-11-28T14:58:53","slug":"two-bite-petits-gateaux-a-la-vanille-dhalloween","status":"publish","type":"product","link":"https:\/\/twobite.ca\/fr\/product\/two-bite-petits-gateaux-a-la-vanille-dhalloween\/","title":{"rendered":"petits g\u00e2teaux \u00e0 la vanille d&rsquo;Halloween"},"content":{"rendered":"<p>Un petit g\u00e2teau \u00e0 la vanille recouvert d&rsquo;un gla\u00e7age orange et d&rsquo;un assortiment de paillettes effrayantes.<\/p>\r\n<p><span style=\"font-size: 18pt;\"><strong><span style=\"color: #99323d;\">Sans sirop de glucose \u00e0 haute teneur en fructose<\/span><\/strong><\/span><\/p>","protected":false},"author":1,"menu_order":12,"template":"","product-category":[46],"class_list":["post-996","product","type-product","status-publish","hentry","product-category-petits-gateaux"],"acf":[],"_links":{"self":[{"href":"https:\/\/twobite.ca\/fr\/wp-json\/wp\/v2\/product\/996","targetHints":{"allow":["GET"]}}],"collection":[{"href":"https:\/\/twobite.ca\/fr\/wp-json\/wp\/v2\/product"}],"about":[{"href":"https:\/\/twobite.ca\/fr\/wp-json\/wp\/v2\/types\/product"}],"author":[{"embeddable":true,"href":"https:\/\/twobite.ca\/fr\/wp-json\/wp\/v2\/users\/1"}],"version-history":[{"count":3,"href":"https:\/\/twobite.ca\/fr\/wp-json\/wp\/v2\/product\/996\/revisions"}],"predecessor-version":[{"id":3041,"href":"https:\/\/twobite.ca\/fr\/wp-json\/wp\/v2\/product\/996\/revisions\/3041"}],"wp:attachment":[{"href":"https:\/\/twobite.ca\/fr\/wp-json\/wp\/v2\/media?parent=996"}],"wp:term":[{"taxonomy":"product-category","embeddable":true,"href":"https:\/\/twobite.ca\/fr\/wp-json\/wp\/v2\/product-category?post=996"}],"curies":[{"name":"wp","href":"https:\/\/api.w.org\/{rel}","templated":true}]}}